{"id":10820,"date":"2025-08-19T16:03:48","date_gmt":"2025-08-19T20:03:48","guid":{"rendered":"https:\/\/westerntrophyoutfitters.com\/hebergement\/"},"modified":"2025-10-31T16:09:25","modified_gmt":"2025-10-31T20:09:25","slug":"hebergement","status":"publish","type":"page","link":"https:\/\/westerntrophyoutfitters.com\/fr\/hebergement\/","title":{"rendered":"H\u00e9bergement"},"content":{"rendered":"\t\t<div data-elementor-type=\"wp-page\" data-elementor-id=\"10820\" class=\"elementor elementor-10820 elementor-6533\">\n\t\t\t\t\t\t<section class=\"elementor-section elementor-top-section elementor-element elementor-element-77cbc1f elementor-section-stretched elementor-section-boxed elementor-section-height-default elementor-section-height-default\" data-id=\"77cbc1f\" data-element_type=\"section\" data-settings=\"{&quot;stretch_section&quot;:&quot;section-stretched&quot;}\">\n\t\t\t\t\t\t<div class=\"elementor-container elementor-column-gap-no\">\n\t\t\t\t\t<div class=\"elementor-column elementor-col-100 elementor-top-column elementor-element elementor-element-c2857cf\" data-id=\"c2857cf\" data-element_type=\"column\">\n\t\t\t<div class=\"elementor-widget-wrap elementor-element-populated\">\n\t\t\t\t\t\t<div class=\"elementor-element elementor-element-f2bf2a8 elementor-widget elementor-widget-activland-accommodation\" data-id=\"f2bf2a8\" data-element_type=\"widget\" data-widget_type=\"activland-accommodation.default\">\n\t\t\t\t<div class=\"elementor-widget-container\">\n\t\t\t\t\t        <div class=\"elementor-post-wrapper\">\n            <div class=\"row\" data-elementor-columns=\"3\" data-elementor-columns-tablet=\"2\" data-elementor-columns-mobile=\"1\">\n\n                <div class=\"column-item\"><article class=\"accommodation post-11121 type-accommodation status-publish has-post-thumbnail hentry\">\n    <div class=\"accommodation-inner\">\n                    <div class=\"accommodation-post-thumbnail\">\n                <img fetchpriority=\"high\" decoding=\"async\" width=\"820\" height=\"567\" src=\"https:\/\/westerntrophyoutfitters.com\/wp-content\/uploads\/2025\/08\/room-1-lodging-outfitters-shipman-saskatchewan-820x567.jpg\" class=\"attachment-activland-accommodation-grid size-activland-accommodation-grid wp-post-image\" alt=\"Chambre, h\u00e9bergement, Shipman, Saskatchewan\" \/>            <\/div>\n                <div class=\"accommodation-content\">\n            <div class=\"content-inner\">\n                <h3 class=\"title\"><a href=\"https:\/\/westerntrophyoutfitters.com\/fr\/lodging-saskatchewan\/chambre-1\/\" rel=\"bookmark\">Chambre 1<\/a><\/h3>                <div class=\"description\">\n                    Cette chambre comprend deux lits doubles et un ensemble de lits simples superpos\u00e9s, pouvant accueillir confortablement jusqu'\u00e0 six personnes. La chambre comprend une salle de bains compl\u00e8te avec une baignoire-douche et un grand meuble-lavabo, parfait pour plus de confort et de commodit\u00e9. Vous trouverez \u00e9galement une table de chevet \u00e9quip\u00e9e de prises USB et 110 V int\u00e9gr\u00e9es pour recharger facilement vos appareils \u00e9lectroniques.                  <\/div>\n                <div class=\"meta\">\n                    <ul>\n                        <li>\n                            <i class=\"activland-icon-bedroom\"><\/i>\n                            <span>\n                                1 chambre                            <\/span>\n                        <\/li>\n                        <li>\n                            <i class=\"activland-icon-account\"><\/i>\n                            <span>\n                                6 personnes                            <\/span>\n                        <\/li>\n                    <\/ul>\n                <\/div>\n            <\/div>\n        <\/div>\n\n    <\/div>\n<\/article><!-- #post-## -->\n<\/div><div class=\"column-item\"><article class=\"accommodation post-11115 type-accommodation status-publish has-post-thumbnail hentry\">\n    <div class=\"accommodation-inner\">\n                    <div class=\"accommodation-post-thumbnail\">\n                <img decoding=\"async\" width=\"820\" height=\"567\" src=\"https:\/\/westerntrophyoutfitters.com\/wp-content\/uploads\/2025\/08\/room-2-lodging-outfitters-shipman-saskatchewan-820x567.jpg\" class=\"attachment-activland-accommodation-grid size-activland-accommodation-grid wp-post-image\" alt=\"Chambre, h\u00e9bergement, Shipman, Saskatchewan\" \/>            <\/div>\n                <div class=\"accommodation-content\">\n            <div class=\"content-inner\">\n                <h3 class=\"title\"><a href=\"https:\/\/westerntrophyoutfitters.com\/fr\/lodging-saskatchewan\/chambre-2\/\" rel=\"bookmark\">Chambre 2<\/a><\/h3>                <div class=\"description\">\n                    Cette chambre peut accueillir confortablement jusqu'\u00e0 3 personnes, avec un lit double et un lit simple. La chambre comprend \u00e9galement un coin bureau pratique, id\u00e9al pour organiser vos affaires ou rattraper votre retard.                 <\/div>\n                <div class=\"meta\">\n                    <ul>\n                        <li>\n                            <i class=\"activland-icon-bedroom\"><\/i>\n                            <span>\n                                1 chambre                            <\/span>\n                        <\/li>\n                        <li>\n                            <i class=\"activland-icon-account\"><\/i>\n                            <span>\n                                3 personnes                            <\/span>\n                        <\/li>\n                    <\/ul>\n                <\/div>\n            <\/div>\n        <\/div>\n\n    <\/div>\n<\/article><!-- #post-## -->\n<\/div><div class=\"column-item\"><article class=\"accommodation post-11110 type-accommodation status-publish has-post-thumbnail hentry\">\n    <div class=\"accommodation-inner\">\n                    <div class=\"accommodation-post-thumbnail\">\n                <img decoding=\"async\" width=\"820\" height=\"567\" src=\"https:\/\/westerntrophyoutfitters.com\/wp-content\/uploads\/2025\/08\/room-3-lodging-outfitters-shipman-saskatchewan-820x567.jpg\" class=\"attachment-activland-accommodation-grid size-activland-accommodation-grid wp-post-image\" alt=\"Chambre, h\u00e9bergement, Shipman, Saskatchewan\" \/>            <\/div>\n                <div class=\"accommodation-content\">\n            <div class=\"content-inner\">\n                <h3 class=\"title\"><a href=\"https:\/\/westerntrophyoutfitters.com\/fr\/lodging-saskatchewan\/chambre-3\/\" rel=\"bookmark\">Chambre 3<\/a><\/h3>                <div class=\"description\">\n                    La chambre peut accueillir confortablement jusqu'\u00e0 2 personnes avec un lit double. Un espace confortable et fonctionnel, parfait pour un s\u00e9jour reposant.                 <\/div>\n                <div class=\"meta\">\n                    <ul>\n                        <li>\n                            <i class=\"activland-icon-bedroom\"><\/i>\n                            <span>\n                                1 chambre                            <\/span>\n                        <\/li>\n                        <li>\n                            <i class=\"activland-icon-account\"><\/i>\n                            <span>\n                                2 personnes                            <\/span>\n                        <\/li>\n                    <\/ul>\n                <\/div>\n            <\/div>\n        <\/div>\n\n    <\/div>\n<\/article><!-- #post-## -->\n<\/div><div class=\"column-item\"><article class=\"accommodation post-11100 type-accommodation status-publish has-post-thumbnail hentry\">\n    <div class=\"accommodation-inner\">\n                    <div class=\"accommodation-post-thumbnail\">\n                <img loading=\"lazy\" decoding=\"async\" width=\"820\" height=\"615\" src=\"https:\/\/westerntrophyoutfitters.com\/wp-content\/uploads\/2025\/10\/room-4-lodging-outfitters-shipman-saskatchewan-01a-820x615.jpg\" class=\"attachment-activland-accommodation-grid size-activland-accommodation-grid wp-post-image\" alt=\"\" \/>            <\/div>\n                <div class=\"accommodation-content\">\n            <div class=\"content-inner\">\n                <h3 class=\"title\"><a href=\"https:\/\/westerntrophyoutfitters.com\/fr\/lodging-saskatchewan\/chambre-4\/\" rel=\"bookmark\">Chambre 4<\/a><\/h3>                <div class=\"description\">\n                    Il peut accueillir confortablement jusqu'\u00e0 2 personnes gr\u00e2ce \u00e0 un ensemble de lits simples superpos\u00e9s. Un espace compact et pratique, id\u00e9al pour les voyageurs solitaires ou les enfants.                 <\/div>\n                <div class=\"meta\">\n                    <ul>\n                        <li>\n                            <i class=\"activland-icon-bedroom\"><\/i>\n                            <span>\n                                1 chambre                            <\/span>\n                        <\/li>\n                        <li>\n                            <i class=\"activland-icon-account\"><\/i>\n                            <span>\n                                2 personnes                            <\/span>\n                        <\/li>\n                    <\/ul>\n                <\/div>\n            <\/div>\n        <\/div>\n\n    <\/div>\n<\/article><!-- #post-## -->\n<\/div><div class=\"column-item\"><article class=\"accommodation post-11080 type-accommodation status-publish has-post-thumbnail hentry\">\n    <div class=\"accommodation-inner\">\n                    <div class=\"accommodation-post-thumbnail\">\n                <img loading=\"lazy\" decoding=\"async\" width=\"820\" height=\"615\" src=\"https:\/\/westerntrophyoutfitters.com\/wp-content\/uploads\/2025\/10\/room-5-lodging-outfitters-shipman-saskatchewan-01a-820x615.jpg\" class=\"attachment-activland-accommodation-grid size-activland-accommodation-grid wp-post-image\" alt=\"\" \/>            <\/div>\n                <div class=\"accommodation-content\">\n            <div class=\"content-inner\">\n                <h3 class=\"title\"><a href=\"https:\/\/westerntrophyoutfitters.com\/fr\/lodging-saskatchewan\/chambre-5\/\" rel=\"bookmark\">Chambre 5<\/a><\/h3>                <div class=\"description\">\n                    Cette chambre peut accueillir confortablement jusqu'\u00e0 4 personnes, avec un lit simple et un lit double superpos\u00e9 avec un lit simple suppl\u00e9mentaire. Cette chambre polyvalente est id\u00e9ale pour les familles ou les petits groupes.                 <\/div>\n                <div class=\"meta\">\n                    <ul>\n                        <li>\n                            <i class=\"activland-icon-bedroom\"><\/i>\n                            <span>\n                                1 chambre                            <\/span>\n                        <\/li>\n                        <li>\n                            <i class=\"activland-icon-account\"><\/i>\n                            <span>\n                                4 personnes                            <\/span>\n                        <\/li>\n                    <\/ul>\n                <\/div>\n            <\/div>\n        <\/div>\n\n    <\/div>\n<\/article><!-- #post-## -->\n<\/div><div class=\"column-item\"><article class=\"accommodation post-11053 type-accommodation status-publish has-post-thumbnail hentry\">\n    <div class=\"accommodation-inner\">\n                    <div class=\"accommodation-post-thumbnail\">\n                <img loading=\"lazy\" decoding=\"async\" width=\"820\" height=\"567\" src=\"https:\/\/westerntrophyoutfitters.com\/wp-content\/uploads\/2025\/08\/room-6-11-lodging-outfitters-shipman-saskatchewan-820x567.jpg\" class=\"attachment-activland-accommodation-grid size-activland-accommodation-grid wp-post-image\" alt=\"Chambre, h\u00e9bergement, Shipman, Saskatchewan\" \/>            <\/div>\n                <div class=\"accommodation-content\">\n            <div class=\"content-inner\">\n                <h3 class=\"title\"><a href=\"https:\/\/westerntrophyoutfitters.com\/fr\/lodging-saskatchewan\/chambres-6-a-11\/\" rel=\"bookmark\">Chambres 6 \u00e0 11<\/a><\/h3>                <div class=\"description\">\n                    Les chambres 6 \u00e0 11 peuvent accueillir confortablement jusqu'\u00e0 2 personnes avec deux lits simples. Ces chambres confortables et fonctionnelles sont id\u00e9ales pour les voyageurs solitaires ou les couples \u00e0 la recherche d'un s\u00e9jour simple et reposant.                 <\/div>\n                <div class=\"meta\">\n                    <ul>\n                        <li>\n                            <i class=\"activland-icon-bedroom\"><\/i>\n                            <span>\n                                1 chambre                            <\/span>\n                        <\/li>\n                        <li>\n                            <i class=\"activland-icon-account\"><\/i>\n                            <span>\n                                2 personnes                            <\/span>\n                        <\/li>\n                    <\/ul>\n                <\/div>\n            <\/div>\n        <\/div>\n\n    <\/div>\n<\/article><!-- #post-## -->\n<\/div>            <\/div>\n        <\/div>\n        \t\t\t\t<\/div>\n\t\t\t\t<\/div>\n\t\t\t\t\t<\/div>\n\t\t<\/div>\n\t\t\t\t\t<\/div>\n\t\t<\/section>\n\t\t\t\t<\/div>\n\t\t","protected":false},"excerpt":{"rendered":"<p>Treehouses Give a touch more luxury to your short break in the forest with an Executive Lodge. 3 Bedrooms Sleeps 12 Waterside Lodges Give a touch more luxury to your short break in the forest with an Executive Lodge. 3 Bedrooms Sleeps 17 Luxury Suites Give a touch more luxury to your short break in [&hellip;]<\/p>\n","protected":false},"author":1,"featured_media":0,"parent":0,"menu_order":0,"comment_status":"closed","ping_status":"closed","template":"elementor_header_footer","meta":{"footnotes":""},"class_list":["post-10820","page","type-page","status-publish","hentry"],"yoast_head":"<!-- This site is optimized with the Yoast SEO plugin v26.2 - https:\/\/yoast.com\/wordpress\/plugins\/seo\/ -->\n<title>H\u00e9bergement \u00e0 la pourvoirie, Shipman, Saskatchewan<\/title>\n<meta name=\"description\" content=\"D\u00e9couvrez les h\u00e9bergements de la pourvoirie \u00e0 Shipman, Saskatchewan. Adapt\u00e9s aux chasseurs et p\u00eacheurs. Chambres bien \u00e9quip\u00e9es avec lits doubles, lits superpos\u00e9s, salles de bain priv\u00e9es, Wi-Fi et tout le n\u00e9cessaire pour votre s\u00e9jour de chasse et p\u00eache \u00e0 la pourvoirie.\" \/>\n<meta name=\"robots\" content=\"index, follow, max-snippet:-1, max-image-preview:large, max-video-preview:-1\" \/>\n<link rel=\"canonical\" href=\"https:\/\/westerntrophyoutfitters.com\/fr\/hebergement\/\" \/>\n<meta property=\"og:locale\" content=\"fr_FR\" \/>\n<meta property=\"og:type\" content=\"article\" \/>\n<meta property=\"og:title\" content=\"H\u00e9bergement \u00e0 la pourvoirie, Shipman, Saskatchewan\" \/>\n<meta property=\"og:description\" content=\"D\u00e9couvrez les h\u00e9bergements de la pourvoirie \u00e0 Shipman, Saskatchewan. Adapt\u00e9s aux chasseurs et p\u00eacheurs. Chambres bien \u00e9quip\u00e9es avec lits doubles, lits superpos\u00e9s, salles de bain priv\u00e9es, Wi-Fi et tout le n\u00e9cessaire pour votre s\u00e9jour de chasse et p\u00eache \u00e0 la pourvoirie.\" \/>\n<meta property=\"og:url\" content=\"https:\/\/westerntrophyoutfitters.com\/fr\/hebergement\/\" \/>\n<meta property=\"og:site_name\" content=\"Western Trophy Outfitters et Great Grey Outfitters\" \/>\n<meta property=\"article:modified_time\" content=\"2025-10-31T20:09:25+00:00\" \/>\n<meta property=\"og:image\" content=\"https:\/\/westerntrophyoutfitters.com\/wp-content\/uploads\/2021\/09\/accommodation-1-820x682.jpg\" \/>\n<meta name=\"twitter:card\" content=\"summary_large_image\" \/>\n<script type=\"application\/ld+json\" class=\"yoast-schema-graph\">{\"@context\":\"https:\/\/schema.org\",\"@graph\":[{\"@type\":\"WebPage\",\"@id\":\"https:\/\/westerntrophyoutfitters.com\/fr\/hebergement\/\",\"url\":\"https:\/\/westerntrophyoutfitters.com\/fr\/hebergement\/\",\"name\":\"H\u00e9bergement \u00e0 la pourvoirie, Shipman, Saskatchewan\",\"isPartOf\":{\"@id\":\"https:\/\/westerntrophyoutfitters.com\/#website\"},\"primaryImageOfPage\":{\"@id\":\"https:\/\/westerntrophyoutfitters.com\/fr\/hebergement\/#primaryimage\"},\"image\":{\"@id\":\"https:\/\/westerntrophyoutfitters.com\/fr\/hebergement\/#primaryimage\"},\"thumbnailUrl\":\"https:\/\/westerntrophyoutfitters.com\/wp-content\/uploads\/2021\/09\/accommodation-1-820x682.jpg\",\"datePublished\":\"2025-08-19T20:03:48+00:00\",\"dateModified\":\"2025-10-31T20:09:25+00:00\",\"description\":\"D\u00e9couvrez les h\u00e9bergements de la pourvoirie \u00e0 Shipman, Saskatchewan. Adapt\u00e9s aux chasseurs et p\u00eacheurs. Chambres bien \u00e9quip\u00e9es avec lits doubles, lits superpos\u00e9s, salles de bain priv\u00e9es, Wi-Fi et tout le n\u00e9cessaire pour votre s\u00e9jour de chasse et p\u00eache \u00e0 la pourvoirie.\",\"breadcrumb\":{\"@id\":\"https:\/\/westerntrophyoutfitters.com\/fr\/hebergement\/#breadcrumb\"},\"inLanguage\":\"fr-FR\",\"potentialAction\":[{\"@type\":\"ReadAction\",\"target\":[\"https:\/\/westerntrophyoutfitters.com\/fr\/hebergement\/\"]}]},{\"@type\":\"ImageObject\",\"inLanguage\":\"fr-FR\",\"@id\":\"https:\/\/westerntrophyoutfitters.com\/fr\/hebergement\/#primaryimage\",\"url\":\"https:\/\/westerntrophyoutfitters.com\/wp-content\/uploads\/2021\/09\/accommodation-1-820x682.jpg\",\"contentUrl\":\"https:\/\/westerntrophyoutfitters.com\/wp-content\/uploads\/2021\/09\/accommodation-1-820x682.jpg\"},{\"@type\":\"BreadcrumbList\",\"@id\":\"https:\/\/westerntrophyoutfitters.com\/fr\/hebergement\/#breadcrumb\",\"itemListElement\":[{\"@type\":\"ListItem\",\"position\":1,\"name\":\"Home\",\"item\":\"https:\/\/westerntrophyoutfitters.com\/fr\/\"},{\"@type\":\"ListItem\",\"position\":2,\"name\":\"H\u00e9bergement\"}]},{\"@type\":\"WebSite\",\"@id\":\"https:\/\/westerntrophyoutfitters.com\/#website\",\"url\":\"https:\/\/westerntrophyoutfitters.com\/\",\"name\":\"Western Trophy Outfitters et Great Grey Outfitters\",\"description\":\"\",\"potentialAction\":[{\"@type\":\"SearchAction\",\"target\":{\"@type\":\"EntryPoint\",\"urlTemplate\":\"https:\/\/westerntrophyoutfitters.com\/?s={search_term_string}\"},\"query-input\":{\"@type\":\"PropertyValueSpecification\",\"valueRequired\":true,\"valueName\":\"search_term_string\"}}],\"inLanguage\":\"fr-FR\"}]}<\/script>\n<!-- \/ Yoast SEO plugin. -->","yoast_head_json":{"title":"H\u00e9bergement \u00e0 la pourvoirie, Shipman, Saskatchewan","description":"D\u00e9couvrez les h\u00e9bergements de la pourvoirie \u00e0 Shipman, Saskatchewan. Adapt\u00e9s aux chasseurs et p\u00eacheurs. Chambres bien \u00e9quip\u00e9es avec lits doubles, lits superpos\u00e9s, salles de bain priv\u00e9es, Wi-Fi et tout le n\u00e9cessaire pour votre s\u00e9jour de chasse et p\u00eache \u00e0 la pourvoirie.","robots":{"index":"index","follow":"follow","max-snippet":"max-snippet:-1","max-image-preview":"max-image-preview:large","max-video-preview":"max-video-preview:-1"},"canonical":"https:\/\/westerntrophyoutfitters.com\/fr\/hebergement\/","og_locale":"fr_FR","og_type":"article","og_title":"H\u00e9bergement \u00e0 la pourvoirie, Shipman, Saskatchewan","og_description":"D\u00e9couvrez les h\u00e9bergements de la pourvoirie \u00e0 Shipman, Saskatchewan. Adapt\u00e9s aux chasseurs et p\u00eacheurs. Chambres bien \u00e9quip\u00e9es avec lits doubles, lits superpos\u00e9s, salles de bain priv\u00e9es, Wi-Fi et tout le n\u00e9cessaire pour votre s\u00e9jour de chasse et p\u00eache \u00e0 la pourvoirie.","og_url":"https:\/\/westerntrophyoutfitters.com\/fr\/hebergement\/","og_site_name":"Western Trophy Outfitters et Great Grey Outfitters","article_modified_time":"2025-10-31T20:09:25+00:00","og_image":[{"url":"https:\/\/westerntrophyoutfitters.com\/wp-content\/uploads\/2021\/09\/accommodation-1-820x682.jpg","type":"","width":"","height":""}],"twitter_card":"summary_large_image","schema":{"@context":"https:\/\/schema.org","@graph":[{"@type":"WebPage","@id":"https:\/\/westerntrophyoutfitters.com\/fr\/hebergement\/","url":"https:\/\/westerntrophyoutfitters.com\/fr\/hebergement\/","name":"H\u00e9bergement \u00e0 la pourvoirie, Shipman, Saskatchewan","isPartOf":{"@id":"https:\/\/westerntrophyoutfitters.com\/#website"},"primaryImageOfPage":{"@id":"https:\/\/westerntrophyoutfitters.com\/fr\/hebergement\/#primaryimage"},"image":{"@id":"https:\/\/westerntrophyoutfitters.com\/fr\/hebergement\/#primaryimage"},"thumbnailUrl":"https:\/\/westerntrophyoutfitters.com\/wp-content\/uploads\/2021\/09\/accommodation-1-820x682.jpg","datePublished":"2025-08-19T20:03:48+00:00","dateModified":"2025-10-31T20:09:25+00:00","description":"D\u00e9couvrez les h\u00e9bergements de la pourvoirie \u00e0 Shipman, Saskatchewan. Adapt\u00e9s aux chasseurs et p\u00eacheurs. Chambres bien \u00e9quip\u00e9es avec lits doubles, lits superpos\u00e9s, salles de bain priv\u00e9es, Wi-Fi et tout le n\u00e9cessaire pour votre s\u00e9jour de chasse et p\u00eache \u00e0 la pourvoirie.","breadcrumb":{"@id":"https:\/\/westerntrophyoutfitters.com\/fr\/hebergement\/#breadcrumb"},"inLanguage":"fr-FR","potentialAction":[{"@type":"ReadAction","target":["https:\/\/westerntrophyoutfitters.com\/fr\/hebergement\/"]}]},{"@type":"ImageObject","inLanguage":"fr-FR","@id":"https:\/\/westerntrophyoutfitters.com\/fr\/hebergement\/#primaryimage","url":"https:\/\/westerntrophyoutfitters.com\/wp-content\/uploads\/2021\/09\/accommodation-1-820x682.jpg","contentUrl":"https:\/\/westerntrophyoutfitters.com\/wp-content\/uploads\/2021\/09\/accommodation-1-820x682.jpg"},{"@type":"BreadcrumbList","@id":"https:\/\/westerntrophyoutfitters.com\/fr\/hebergement\/#breadcrumb","itemListElement":[{"@type":"ListItem","position":1,"name":"Home","item":"https:\/\/westerntrophyoutfitters.com\/fr\/"},{"@type":"ListItem","position":2,"name":"H\u00e9bergement"}]},{"@type":"WebSite","@id":"https:\/\/westerntrophyoutfitters.com\/#website","url":"https:\/\/westerntrophyoutfitters.com\/","name":"Western Trophy Outfitters et Great Grey Outfitters","description":"","potentialAction":[{"@type":"SearchAction","target":{"@type":"EntryPoint","urlTemplate":"https:\/\/westerntrophyoutfitters.com\/?s={search_term_string}"},"query-input":{"@type":"PropertyValueSpecification","valueRequired":true,"valueName":"search_term_string"}}],"inLanguage":"fr-FR"}]}},"_links":{"self":[{"href":"https:\/\/westerntrophyoutfitters.com\/fr\/wp-json\/wp\/v2\/pages\/10820","targetHints":{"allow":["GET"]}}],"collection":[{"href":"https:\/\/westerntrophyoutfitters.com\/fr\/wp-json\/wp\/v2\/pages"}],"about":[{"href":"https:\/\/westerntrophyoutfitters.com\/fr\/wp-json\/wp\/v2\/types\/page"}],"author":[{"embeddable":true,"href":"https:\/\/westerntrophyoutfitters.com\/fr\/wp-json\/wp\/v2\/users\/1"}],"replies":[{"embeddable":true,"href":"https:\/\/westerntrophyoutfitters.com\/fr\/wp-json\/wp\/v2\/comments?post=10820"}],"version-history":[{"count":1,"href":"https:\/\/westerntrophyoutfitters.com\/fr\/wp-json\/wp\/v2\/pages\/10820\/revisions"}],"predecessor-version":[{"id":10822,"href":"https:\/\/westerntrophyoutfitters.com\/fr\/wp-json\/wp\/v2\/pages\/10820\/revisions\/10822"}],"wp:attachment":[{"href":"https:\/\/westerntrophyoutfitters.com\/fr\/wp-json\/wp\/v2\/media?parent=10820"}],"curies":[{"name":"wp","href":"https:\/\/api.w.org\/{rel}","templated":true}]}}